{"id":7169,"date":"2018-09-18T18:43:43","date_gmt":"2018-09-18T18:43:43","guid":{"rendered":"http:\/\/caps.spdmafiliadas.org.br\/?page_id=7169"},"modified":"2024-01-26T14:55:28","modified_gmt":"2024-01-26T17:55:28","slug":"acesso-a-informacao-caps","status":"publish","type":"page","link":"https:\/\/hrat.animaker.com.br\/?page_id=7169","title":{"rendered":"Acesso a Informa\u00e7\u00e3o"},"content":{"rendered":"<div class=\"container section-title-container\" ><h3 class=\"section-title section-title-normal\"><b aria-hidden=\"true\"><\/b><span class=\"section-title-main\" >Acesso a Informa\u00e7\u00e3o<\/span><b aria-hidden=\"true\"><\/b><\/h3><\/div>\n<div class=\"row\"  id=\"row-1617354515\">\n\n\t<div id=\"col-1665609451\" class=\"col small-12 large-12\"  >\n\t\t\t\t<div class=\"col-inner\"  >\n\t\t\t\n\t\t\t\n<p>LEI DE ACESSO \u00c0 INFORMA\u00c7\u00c3O P\u00daBLICA &#8211; LEI 12.527, de 18 de novembro de 2011<\/p>\n<p style=\"text-align: right\"><span style=\"font-size: 75%\"><button id=\"bb1\" type=\"button\" value=\"Play\" class=\"responsivevoice-button\" title=\"ResponsiveVoice Tap to Start\/Stop Speech\"><span>&#128266; Ouvir<\/span><\/button>\n        <script>\n            bb1.onclick = function(){\n                if(responsiveVoice.isPlaying()){\n                    responsiveVoice.cancel();\n                }else{\n                    responsiveVoice.speak(\"Regula o acesso a informa\u00e7\u00f5es previsto no inciso XXXIII do art. 5o, no inciso II do \u00a7 3o do art. 37 e no \u00a7 2o do art. 216 da Constitui\u00e7\u00e3o Federal; altera a Lei no 8.112, de 11 de dezembro de 1990; revoga a Lei no 11.111, de 5 de maio de 2005, e dispositivos da Lei no 8.159, de 8 de janeiro de 1991; e d\u00e1 outras provid\u00eancias. ACESSO AO PORTAL DA TRANSPAR\u00caNCIA ESTADUAL (http:\/\/www.portaldatransparencia.saude.sp.gov.br\/)\", \"Brazilian Portuguese Female\");\n                }\n            };\n        <\/script>\n    <\/span><\/p>\n<p style=\"text-align: justify\">Regula o acesso a informa\u00e7\u00f5es previsto no inciso XXXIII do art. 5o, no inciso II do \u00a7 3o do art. 37 e no \u00a7 2o do art. 216 da Constitui\u00e7\u00e3o Federal; altera a Lei no 8.112, de 11 de dezembro de 1990; revoga a Lei no 11.111, de 5 de maio de 2005, e dispositivos da Lei no 8.159, de 8 de janeiro de 1991; e d\u00e1 outras provid\u00eancias.<\/p>\n<p><a href=\"http:\/\/www.portaldatransparencia.saude.sp.gov.br\/\" target=\"_blank\" rel=\"noopener noreferrer\">ACESSO AO PORTAL DA TRANSPAR\u00caNCIA ESTADUAL<\/a><\/p>\n<p><a href=\"http:\/\/www.portaldatransparencia.saude.sp.gov.br\/\" target=\"_blank\" rel=\"noopener noreferrer\">(http:\/\/www.portaldatransparencia.saude.sp.gov.br\/)<\/a><\/p>\n\n<div class=\"accordion\">\n\t<div id=\"accordion-2369322833\" class=\"accordion-item\">\n\t\t<a id=\"accordion-2369322833-label\" class=\"accordion-title plain\" href=\"#accordion-item-atividades-e-resultados\" aria-expanded=\"false\" aria-controls=\"accordion-2369322833-content\">\n\t\t\t<button class=\"toggle\" aria-label=\"Toggle\"><i class=\"icon-angle-down\" aria-hidden=\"true\"><\/i><\/button>\n\t\t\t<span>Atividades e Resultados<\/span>\n\t\t<\/a>\n\t\t<div id=\"accordion-2369322833-content\" class=\"accordion-inner\" aria-labelledby=\"accordion-2369322833-label\">\n\t\t\t\n<p>Relat\u00f3rio de Atividades Interna\u00e7\u00e3o<\/p>\n<ul>\n<li><a href=\"http:\/\/hrat.animaker.com.br\/wp-content\/uploads\/sites\/158\/2024\/01\/2023-Relatorio-Contratado-x-Realizado-Internacao-1.pdf\">2023 \u2013 Contratado x Realizado<\/a> (<a href=\"http:\/\/hrat.animaker.com.br\/wp-content\/uploads\/sites\/158\/2024\/01\/2023-Relatorio-Contratado-x-Realizado-Internacao.xlt\">exportar Excel<\/a>) ( <a href=\"http:\/\/hrat.animaker.com.br\/wp-content\/uploads\/sites\/158\/2024\/01\/2023-Relatorio-Contratado-x-Realizado-Internacao-1.txt\">exportar TXT<\/a> ) ( <a href=\"http:\/\/hrat.animaker.com.br\/wp-content\/uploads\/sites\/158\/2024\/01\/2023-Relatorio-Contratado-x-Realizado-Internacao-1.csv\">exportar CSV<\/a> )<\/li>\n<\/ul>\n<p>Relat\u00f3rio de Atividades Ambulat\u00f3rio<\/p>\n<ul>\n<li><a href=\"http:\/\/hrat.animaker.com.br\/wp-content\/uploads\/sites\/158\/2024\/01\/2023-Relatorio-Contratado-x-Realizado-Ambulatorio-1.pdf\">2023 \u2013 Contratado x Realizado<\/a> (<a href=\"http:\/\/hrat.animaker.com.br\/wp-content\/uploads\/sites\/158\/2024\/01\/2023-Relatorio-Contratado-x-Realizado-Ambulatorio.xlt\">exportar Excel<\/a>) ( <a href=\"http:\/\/hrat.animaker.com.br\/wp-content\/uploads\/sites\/158\/2024\/01\/2023-Relatorio-Contratado-x-Realizado-Ambulatorio-1.txt\">exportar TXT<\/a> ) ( <a href=\"http:\/\/hrat.animaker.com.br\/wp-content\/uploads\/sites\/158\/2024\/01\/2023-Relatorio-Contratado-x-Realizado-Ambulatorio-1.csv\">exportar CSV<\/a> )<\/li>\n<\/ul>\n\t\t<\/div>\n\t<\/div>\n\t\n\t<div id=\"accordion-589140686\" class=\"accordion-item\">\n\t\t<a id=\"accordion-589140686-label\" class=\"accordion-title plain\" href=\"#accordion-item-certificados\" aria-expanded=\"false\" aria-controls=\"accordion-589140686-content\">\n\t\t\t<button class=\"toggle\" aria-label=\"Toggle\"><i class=\"icon-angle-down\" aria-hidden=\"true\"><\/i><\/button>\n\t\t\t<span>Certificados<\/span>\n\t\t<\/a>\n\t\t<div id=\"accordion-589140686-content\" class=\"accordion-inner\" aria-labelledby=\"accordion-589140686-label\">\n\t\t\t\n<p><a href=\"https:\/\/www.spdm.org.br\/acesso-a-informacao\/certificados\"><span style=\"font-weight: 400\">Certificados<\/span><\/a><\/p>\n\t\t<\/div>\n\t<\/div>\n\t\n\t<div id=\"accordion-3638068409\" class=\"accordion-item\">\n\t\t<a id=\"accordion-3638068409-label\" class=\"accordion-title plain\" href=\"#accordion-item-compras\" aria-expanded=\"false\" aria-controls=\"accordion-3638068409-content\">\n\t\t\t<button class=\"toggle\" aria-label=\"Toggle\"><i class=\"icon-angle-down\" aria-hidden=\"true\"><\/i><\/button>\n\t\t\t<span>Compras<\/span>\n\t\t<\/a>\n\t\t<div id=\"accordion-3638068409-content\" class=\"accordion-inner\" aria-labelledby=\"accordion-3638068409-label\">\n\t\t\t\n<p><a href=\"http:\/\/hrat.animaker.com.br\/wp-content\/uploads\/sites\/158\/2024\/01\/Regulamento-de-Compras.pdf\">Regulamento-de-Compras<\/a><\/p>\n\t\t<\/div>\n\t<\/div>\n\t\n\t<div id=\"accordion-431178157\" class=\"accordion-item\">\n\t\t<a id=\"accordion-431178157-label\" class=\"accordion-title plain\" href=\"#accordion-item-contrato-de-gest\u00e3o\/conv\u00eanio\" aria-expanded=\"false\" aria-controls=\"accordion-431178157-content\">\n\t\t\t<button class=\"toggle\" aria-label=\"Toggle\"><i class=\"icon-angle-down\" aria-hidden=\"true\"><\/i><\/button>\n\t\t\t<span>Contrato de Gest\u00e3o\/Conv\u00eanio<\/span>\n\t\t<\/a>\n\t\t<div id=\"accordion-431178157-content\" class=\"accordion-inner\" aria-labelledby=\"accordion-431178157-label\">\n\t\t\t\n<div>\n<p>Conv\u00eanio<\/p>\n<ul>\n<li><a href=\"http:\/\/hrat.animaker.com.br\/wp-content\/uploads\/sites\/158\/2024\/01\/3_TA-01.2024-Contrato-de-Gestao.pdf\">3_TA 01.2024 &#8211; Contrato de Gesta\u0303o<\/a><\/li>\n<li><a href=\"http:\/\/hrat.animaker.com.br\/wp-content\/uploads\/sites\/158\/2024\/01\/2_Contrato-Gestao_-SES-PRC-202264504_SEI-024.000391342023-38.pdf\">2_Contrato Gestao_ SES-PRC-202264504_SEI 024.000391342023-38<\/a><\/li>\n<\/ul>\n<\/div>\n<div>\n<p>Publica\u00e7\u00e3o<\/p>\n<\/div>\n<div>\n<p>Plano de Trabalho<\/p>\n<\/div>\n\t\t<\/div>\n\t<\/div>\n\t\n\t<div id=\"accordion-2813176134\" class=\"accordion-item\">\n\t\t<a id=\"accordion-2813176134-label\" class=\"accordion-title plain\" href=\"#accordion-item-demonstrativos-cont\u00e1beis-e-financeiros\" aria-expanded=\"false\" aria-controls=\"accordion-2813176134-content\">\n\t\t\t<button class=\"toggle\" aria-label=\"Toggle\"><i class=\"icon-angle-down\" aria-hidden=\"true\"><\/i><\/button>\n\t\t\t<span>Demonstrativos Cont\u00e1beis e Financeiros<\/span>\n\t\t<\/a>\n\t\t<div id=\"accordion-2813176134-content\" class=\"accordion-inner\" aria-labelledby=\"accordion-2813176134-label\">\n\t\t\t\n<p>Balan\u00e7o Patrimonial<\/p>\n<p>Demonstrativo Financeiro Contratual<\/p>\n<ul>\n<li><a href=\"http:\/\/hrat.animaker.com.br\/wp-content\/uploads\/sites\/158\/2024\/01\/DEMONSTRATIVO-FINANCEIRO-CONTRATUAL-2023-7.pdf\">DEMONSTRATIVO FINANCEIRO CONTRATUAL \u2013 2023<\/a>\u00a0( <a href=\"http:\/\/hrat.animaker.com.br\/wp-content\/uploads\/sites\/158\/2024\/01\/DEMONSTRATIVO-FINANCEIRO-CONTRATUAL-2023-7.xlsx\">exportar Excel<\/a> ) ( <a href=\"http:\/\/hrat.animaker.com.br\/wp-content\/uploads\/sites\/158\/2024\/01\/DEMONSTRATIVO-FINANCEIRO-CONTRATUAL-2023-8.txt\">exportar TXT<\/a> ) (<a href=\"http:\/\/hrat.animaker.com.br\/wp-content\/uploads\/sites\/158\/2024\/01\/DEMONSTRATIVO-FINANCEIRO-CONTRATUAL-2023-7.csv\"> exportar CSV<\/a> )<\/li>\n<\/ul>\n<p>Registros de Receitas e Despesas<\/p>\n<ul>\n<li><a href=\"http:\/\/hrat.animaker.com.br\/wp-content\/uploads\/sites\/158\/2024\/01\/REGISTROS-DE-RECEITAS-E-DESPESAS-2023-5.pdf\">REGISTROS DE RECEITAS E DESPESAS \u2013 2023<\/a> ( <a href=\"http:\/\/hrat.animaker.com.br\/wp-content\/uploads\/sites\/158\/2024\/01\/REGISTROS-DE-RECEITAS-E-DESPESAS-2023-5.xlsx\">exportar Excel<\/a> ) ( <a href=\"http:\/\/hrat.animaker.com.br\/wp-content\/uploads\/sites\/158\/2024\/01\/REGISTROS-DE-RECEITAS-E-DESPESAS-2023-5.txt\">exportar TXT<\/a> ) ( <a href=\"http:\/\/hrat.animaker.com.br\/wp-content\/uploads\/sites\/158\/2024\/01\/REGISTROS-DE-RECEITAS-E-DESPESAS-2023-5.csv\">exportar CSV<\/a> )<\/li>\n<\/ul>\n\t\t<\/div>\n\t<\/div>\n\t\n\t<div id=\"accordion-3456466419\" class=\"accordion-item\">\n\t\t<a id=\"accordion-3456466419-label\" class=\"accordion-title plain\" href=\"#accordion-item-estrutura-organizacional\" aria-expanded=\"false\" aria-controls=\"accordion-3456466419-content\">\n\t\t\t<button class=\"toggle\" aria-label=\"Toggle\"><i class=\"icon-angle-down\" aria-hidden=\"true\"><\/i><\/button>\n\t\t\t<span>Estrutura Organizacional<\/span>\n\t\t<\/a>\n\t\t<div id=\"accordion-3456466419-content\" class=\"accordion-inner\" aria-labelledby=\"accordion-3456466419-label\">\n\t\t\t\n<h3>SPDM<\/h3>\n<p><a href=\"https:\/\/caps.spdmafiliadas.org.br\/wp-content\/uploads\/sites\/11\/2022\/05\/equipe-diretiva-spdm-maio-2022.png\"><img loading=\"lazy\" decoding=\"async\" class=\"alignnone size-full wp-image-8513\" src=\"https:\/\/caps.spdmafiliadas.org.br\/wp-content\/uploads\/sites\/11\/2022\/05\/equipe-diretiva-spdm-maio-2022.png\" alt=\"\" width=\"416\" height=\"700\" \/><\/a><\/p>\n<h4>Equipe Diretiva<\/h4>\n<div class=\"row\"  id=\"row-1159852575\">\n\n\t<div id=\"col-193741877\" class=\"col medium-5 small-12 large-5\"  >\n\t\t\t\t<div class=\"col-inner\"  >\n\t\t\t\n\t\t\t\n\t\t<\/div>\n\t\t\t\t\t<\/div>\n\n\t\n\n\t<div id=\"col-97981207\" class=\"col medium-7 small-12 large-7\"  >\n\t\t\t\t<div class=\"col-inner\"  >\n\t\t\t\n\t\t\t\n<div class=\"accordion\">\n\n\t<div id=\"accordion-1552553575\" class=\"accordion-item\">\n\t\t<a id=\"accordion-1552553575-label\" class=\"accordion-title plain\" href=\"#accordion-item-compet\u00eancias-organizacionais\" aria-expanded=\"false\" aria-controls=\"accordion-1552553575-content\">\n\t\t\t<button class=\"toggle\" aria-label=\"Toggle\"><i class=\"icon-angle-down\" aria-hidden=\"true\"><\/i><\/button>\n\t\t\t<span>Compet\u00eancias Organizacionais<\/span>\n\t\t<\/a>\n\t\t<div id=\"accordion-1552553575-content\" class=\"accordion-inner\" aria-labelledby=\"accordion-1552553575-label\">\n\t\t\t\n\n<ul>\n<li style=\"font-weight: 400;text-align: justify\"><span style=\"font-weight: 400\">Trabalho em equipe;<\/span><\/li>\n<li style=\"font-weight: 400;text-align: justify\"><span style=\"font-weight: 400\">Comunica\u00e7\u00e3o;<\/span><\/li>\n<li style=\"font-weight: 400;text-align: justify\"><span style=\"font-weight: 400\">Relacionamento interpessoal;<\/span><\/li>\n<li style=\"font-weight: 400;text-align: justify\"><span style=\"font-weight: 400\">Foco no resultado;<\/span><\/li>\n<li style=\"font-weight: 400;text-align: justify\"><span style=\"font-weight: 400\">Flexibilidade e adaptabilidade;<\/span><\/li>\n<li style=\"font-weight: 400;text-align: justify\"><span style=\"font-weight: 400\">Foco no cliente;<\/span><\/li>\n<li style=\"font-weight: 400;text-align: justify\"><span style=\"font-weight: 400\">Curiosidade e esp\u00edrito de pesquisa;<\/span><\/li>\n<li style=\"font-weight: 400;text-align: justify\"><span style=\"font-weight: 400\">Desenvolver, aplicar e difundir conhecimento;<\/span><\/li>\n<li style=\"font-weight: 400;text-align: justify\"><span style=\"font-weight: 400\">Lideran\u00e7a e coaching;<\/span><\/li>\n<li style=\"font-weight: 400;text-align: justify\"><span style=\"font-weight: 400\">Vis\u00e3o sist\u00eamica;<\/span><\/li>\n<li style=\"font-weight: 400;text-align: justify\"><span style=\"font-weight: 400\">Negocia\u00e7\u00e3o;<\/span><\/li>\n<li style=\"font-weight: 400;text-align: justify\"><span style=\"font-weight: 400\">Criatividade e inova\u00e7\u00e3o;<\/span><\/li>\n<li style=\"font-weight: 400;text-align: justify\"><span style=\"font-weight: 400\">Empreendedorismo;<\/span><\/li>\n<li style=\"font-weight: 400;text-align: justify\"><span style=\"font-weight: 400\">Compliance.<\/span><\/li>\n<\/ul>\n\n\t\t<\/div>\n\t<\/div>\n\t\n\n<\/div>\n\t\t<\/div>\n\t\t\t\t\t<\/div>\n\n\t\n<\/div>\n\t\t<\/div>\n\t<\/div>\n\t\n\t<div id=\"accordion-2278076066\" class=\"accordion-item\">\n\t\t<a id=\"accordion-2278076066-label\" class=\"accordion-title plain\" href=\"#accordion-item-institucional\" aria-expanded=\"false\" aria-controls=\"accordion-2278076066-content\">\n\t\t\t<button class=\"toggle\" aria-label=\"Toggle\"><i class=\"icon-angle-down\" aria-hidden=\"true\"><\/i><\/button>\n\t\t\t<span>Institucional<\/span>\n\t\t<\/a>\n\t\t<div id=\"accordion-2278076066-content\" class=\"accordion-inner\" aria-labelledby=\"accordion-2278076066-label\">\n\t\t\t\n<p><a href=\"https:\/\/www.spdm.org.br\/images\/stories\/pdf\/Estatuto_SPDM_2017.pdf\">Estatuto Social<\/a><\/p>\n\t\t<\/div>\n\t<\/div>\n\t\n\t<div id=\"accordion-1852779954\" class=\"accordion-item\">\n\t\t<a id=\"accordion-1852779954-label\" class=\"accordion-title plain\" href=\"#accordion-item-pessoal\" aria-expanded=\"false\" aria-controls=\"accordion-1852779954-content\">\n\t\t\t<button class=\"toggle\" aria-label=\"Toggle\"><i class=\"icon-angle-down\" aria-hidden=\"true\"><\/i><\/button>\n\t\t\t<span>Pessoal<\/span>\n\t\t<\/a>\n\t\t<div id=\"accordion-1852779954-content\" class=\"accordion-inner\" aria-labelledby=\"accordion-1852779954-label\">\n\t\t\t\n<p>Regulamento de Sele\u00e7\u00e3o e Contrata\u00e7\u00e3o de Pessoal<\/p>\n<p>Despesas com Pessoal<\/p>\n<ul>\n<li><a href=\"http:\/\/hrat.animaker.com.br\/wp-content\/uploads\/sites\/158\/2024\/01\/DEMONSTRATIVO-GASTO-COM-PESSOAL-2023-7.pdf\">DEMONSTRATIVO GASTO COM PESSOAL &#8211; 2023<\/a><\/li>\n<\/ul>\n<p>Quadro de Pessoal<\/p>\n\t\t<\/div>\n\t<\/div>\n\t\n\t<div id=\"accordion-2100760512\" class=\"accordion-item\">\n\t\t<a id=\"accordion-2100760512-label\" class=\"accordion-title plain\" href=\"#accordion-item-relat\u00f3rios-anuais\" aria-expanded=\"false\" aria-controls=\"accordion-2100760512-content\">\n\t\t\t<button class=\"toggle\" aria-label=\"Toggle\"><i class=\"icon-angle-down\" aria-hidden=\"true\"><\/i><\/button>\n\t\t\t<span>Relat\u00f3rios Anuais<\/span>\n\t\t<\/a>\n\t\t<div id=\"accordion-2100760512-content\" class=\"accordion-inner\" aria-labelledby=\"accordion-2100760512-label\">\n\t\t\t\n<div>Relat\u00f3rios Anuais de Presta\u00e7\u00e3o de Contas<\/div>\n<div>\u00a0<\/div>\n<ul>\n<li>2022- Relato\u0301rio de Atividades<\/li>\n<\/ul>\n<div>\u00a0<\/div>\n<div>Relat\u00f3rios Conclusivos Anuais da Comiss\u00e3o de Avalia\u00e7\u00e3o\u00a0<\/div>\n\t\t<\/div>\n\t<\/div>\n\t\n\t<div id=\"accordion-177826069\" class=\"accordion-item\">\n\t\t<a id=\"accordion-177826069-label\" class=\"accordion-title plain\" href=\"#accordion-item-sau---servi\u00e7o-de-atendimento-ao-usu\u00e1rio\" aria-expanded=\"false\" aria-controls=\"accordion-177826069-content\">\n\t\t\t<button class=\"toggle\" aria-label=\"Toggle\"><i class=\"icon-angle-down\" aria-hidden=\"true\"><\/i><\/button>\n\t\t\t<span>SAU - Servi\u00e7o de Atendimento ao Usu\u00e1rio<\/span>\n\t\t<\/a>\n\t\t<div id=\"accordion-177826069-content\" class=\"accordion-inner\" aria-labelledby=\"accordion-177826069-label\">\n\t\t\t\n<ul>\n<li><a href=\"http:\/\/hrat.animaker.com.br\/wp-content\/uploads\/sites\/158\/2024\/01\/REGISTROS-DE-ATENDIMENTOS-DO-SAU-2023-15.pdf\">REGISTROS DE ATENDIMENTOS DO SAU &#8211; 2023<\/a><\/li>\n<\/ul>\n\t\t<\/div>\n\t<\/div>\n\t\n\t<div id=\"accordion-3517942843\" class=\"accordion-item\">\n\t\t<a id=\"accordion-3517942843-label\" class=\"accordion-title plain\" href=\"#accordion-item-servi\u00e7o-terceiro\" aria-expanded=\"false\" aria-controls=\"accordion-3517942843-content\">\n\t\t\t<button class=\"toggle\" aria-label=\"Toggle\"><i class=\"icon-angle-down\" aria-hidden=\"true\"><\/i><\/button>\n\t\t\t<span>Servi\u00e7o Terceiro<\/span>\n\t\t<\/a>\n\t\t<div id=\"accordion-3517942843-content\" class=\"accordion-inner\" aria-labelledby=\"accordion-3517942843-label\">\n\t\t\t\n<ul>\n<li><a href=\"http:\/\/hrat.animaker.com.br\/wp-content\/uploads\/sites\/158\/2024\/01\/2023-Relacao-Prestadores-de-Servicos.pdf\">2023 &#8211; Relac\u0327a\u0303o Prestadores de Servic\u0327os<\/a><\/li>\n<\/ul>\n\t\t<\/div>\n\t<\/div>\n\t\n\t<div id=\"accordion-2246740295\" class=\"accordion-item\">\n\t\t<a id=\"accordion-2246740295-label\" class=\"accordion-title plain\" href=\"#accordion-item-sobre-a-lei-de-acesso-a-informa\u00e7\u00e3o\" aria-expanded=\"false\" aria-controls=\"accordion-2246740295-content\">\n\t\t\t<button class=\"toggle\" aria-label=\"Toggle\"><i class=\"icon-angle-down\" aria-hidden=\"true\"><\/i><\/button>\n\t\t\t<span>Sobre a Lei de Acesso a Informa\u00e7\u00e3o<\/span>\n\t\t<\/a>\n\t\t<div id=\"accordion-2246740295-content\" class=\"accordion-inner\" aria-labelledby=\"accordion-2246740295-label\">\n\t\t\t\n<p><a href=\"http:\/\/www.acessoainformacao.gov.br\/\"><span style=\"font-weight: 400\">Lei de Acesso a Informa\u00e7\u00e3o<\/span><\/a><\/p>\n\t\t<\/div>\n\t<\/div>\n\t\n\t<div id=\"accordion-763923079\" class=\"accordion-item\">\n\t\t<a id=\"accordion-763923079-label\" class=\"accordion-title plain\" href=\"#accordion-item-estrutura\u00e7\u00e3o-da-informa\u00e7\u00e3o\" aria-expanded=\"false\" aria-controls=\"accordion-763923079-content\">\n\t\t\t<button class=\"toggle\" aria-label=\"Toggle\"><i class=\"icon-angle-down\" aria-hidden=\"true\"><\/i><\/button>\n\t\t\t<span>Estrutura\u00e7\u00e3o da Informa\u00e7\u00e3o<\/span>\n\t\t<\/a>\n\t\t<div id=\"accordion-763923079-content\" class=\"accordion-inner\" aria-labelledby=\"accordion-763923079-label\">\n\t\t\t\n<p><img loading=\"lazy\" decoding=\"async\" class=\"alignnone size-full wp-image-152\" src=\"https:\/\/caps.spdmafiliadas.org.br\/wp-content\/uploads\/sites\/11\/2019\/05\/spdm-icon-v4.png\" alt=\"\" width=\"670\" height=\"930\" \/><\/p>\n\t\t<\/div>\n\t<\/div>\n\t\n<\/div>\n\t\t<\/div>\n\t\t\t\t\t<\/div>\n\n\t\n<\/div>\n","protected":false},"excerpt":{"rendered":"","protected":false},"author":1,"featured_media":0,"parent":0,"menu_order":0,"comment_status":"closed","ping_status":"closed","template":"","meta":{"footnotes":""},"class_list":["post-7169","page","type-page","status-publish","hentry"],"_links":{"self":[{"href":"https:\/\/hrat.animaker.com.br\/index.php?rest_route=\/wp\/v2\/pages\/7169","targetHints":{"allow":["GET"]}}],"collection":[{"href":"https:\/\/hrat.animaker.com.br\/index.php?rest_route=\/wp\/v2\/pages"}],"about":[{"href":"https:\/\/hrat.animaker.com.br\/index.php?rest_route=\/wp\/v2\/types\/page"}],"author":[{"embeddable":true,"href":"https:\/\/hrat.animaker.com.br\/index.php?rest_route=\/wp\/v2\/users\/1"}],"replies":[{"embeddable":true,"href":"https:\/\/hrat.animaker.com.br\/index.php?rest_route=%2Fwp%2Fv2%2Fcomments&post=7169"}],"version-history":[{"count":0,"href":"https:\/\/hrat.animaker.com.br\/index.php?rest_route=\/wp\/v2\/pages\/7169\/revisions"}],"wp:attachment":[{"href":"https:\/\/hrat.animaker.com.br\/index.php?rest_route=%2Fwp%2Fv2%2Fmedia&parent=7169"}],"curies":[{"name":"wp","href":"https:\/\/api.w.org\/{rel}","templated":true}]}}