{"id":7536,"date":"2015-05-27T01:51:43","date_gmt":"2015-05-27T04:51:43","guid":{"rendered":"http:\/\/s11396.p20.sites.pressdns.com\/?page_id=6561"},"modified":"2023-11-22T16:38:49","modified_gmt":"2023-11-22T19:38:49","slug":"trabalhe-conosco-v2","status":"publish","type":"page","link":"https:\/\/hrat.animaker.com.br\/?page_id=7536","title":{"rendered":"Trabalhe Conosco"},"content":{"rendered":"\n<div class=\"container section-title-container\" ><h3 class=\"section-title section-title-normal\"><b aria-hidden=\"true\"><\/b><span class=\"section-title-main\" >Trabalhe Conosco<\/span><b aria-hidden=\"true\"><\/b><\/h3><\/div>\n\n<div class=\"row\"  id=\"row-1616694844\">\n\n\n\t<div id=\"col-409331207\" class=\"col small-12 large-12\"  >\n\t\t\t\t<div class=\"col-inner\"  >\n\t\t\t\n\t\t\t\n\n\n\t\t<div class=\"icon-box featured-box icon-box-left text-left\"  >\n\t\t\t\t\t<div class=\"icon-box-img\" style=\"width: 50px\">\n\t\t\t\t<div class=\"icon\">\n\t\t\t\t\t<div class=\"icon-inner\" style=\"color:rgb(0, 135, 197);\">\n\t\t\t\t\t\t<?xml version=\"1.0\" encoding=\"utf-8\"?>\n<!-- Generated by IcoMoon.io -->\n<!DOCTYPE svg PUBLIC \"-\/\/W3C\/\/DTD SVG 1.1\/\/EN\" \"http:\/\/www.w3.org\/Graphics\/SVG\/1.1\/DTD\/svg11.dtd\">\n<svg version=\"1.1\" xmlns=\"http:\/\/www.w3.org\/2000\/svg\" xmlns:xlink=\"http:\/\/www.w3.org\/1999\/xlink\" width=\"20\" height=\"20\" viewBox=\"0 0 20 20\">\n<path fill=\"#000000\" d=\"M17.854 5.646l-4.5-4.5c-0.094-0.094-0.221-0.146-0.354-0.146h-9.5c-0.827 0-1.5 0.673-1.5 1.5v16c0 0.827 0.673 1.5 1.5 1.5h13c0.827 0 1.5-0.673 1.5-1.5v-12.5c0-0.133-0.053-0.26-0.146-0.354zM16.793 6h-3.293c-0.276 0-0.5-0.224-0.5-0.5v-3.293l3.793 3.793zM16.5 19h-13c-0.276 0-0.5-0.224-0.5-0.5v-16c0-0.276 0.224-0.5 0.5-0.5h8.5v3.5c0 0.827 0.673 1.5 1.5 1.5h3.5v11.5c0 0.276-0.224 0.5-0.5 0.5z\"><\/path>\n<path fill=\"#000000\" d=\"M11.5 13h-2.5v-2.5c0-0.276-0.224-0.5-0.5-0.5s-0.5 0.224-0.5 0.5v2.5h-2.5c-0.276 0-0.5 0.224-0.5 0.5s0.224 0.5 0.5 0.5h2.5v2.5c0 0.276 0.224 0.5 0.5 0.5s0.5-0.224 0.5-0.5v-2.5h2.5c0.276 0 0.5-0.224 0.5-0.5s-0.224-0.5-0.5-0.5z\"><\/path>\n<\/svg>\n\t\t\t\t\t<\/div>\n\t\t\t\t<\/div>\n\t\t\t<\/div>\n\t\t\t\t<div class=\"icon-box-text last-reset\">\n\t\t\t\t\t\t\t\t\t\n\n<h3 style=\"text-align: left;\">Bem-vindo ao Cadastro de Curr\u00edculos:<span style=\"color: #000000; font-size: 75%;\"><button id=\"bb1\" type=\"button\" value=\"Play\" class=\"responsivevoice-button\" title=\"ResponsiveVoice Tap to Start\/Stop Speech\"><span>&#128266; Ouvir<\/span><\/button>\n        <script>\n            bb1.onclick = function(){\n                if(responsiveVoice.isPlaying()){\n                    responsiveVoice.cancel();\n                }else{\n                    responsiveVoice.speak(\"Consulte nosso regulamento de sele\u00e7\u00e3o e contrata\u00e7\u00e3o de pessoal.\", \"Brazilian Portuguese Female\");\n                }\n            };\n        <\/script>\n    <\/span><\/h3>\n<p><span style=\"font-weight: 400;\">Consulte nosso regulamento de sele\u00e7\u00e3o e contrata\u00e7\u00e3o de pessoal.<\/span><span style=\"font-size: 14.4px;\"><\/span><\/p>\n\n\t\t<\/div>\n\t<\/div>\n\t\n\t\n\t<div id=\"gap-1444012348\" class=\"gap-element clearfix\" style=\"display:block; height:auto;\">\n\t\t\n<style>\n#gap-1444012348 {\n  padding-top: 21px;\n}\n<\/style>\n\t<\/div>\n\t\n\n\n\t\t<\/div>\n\t\t\t\t\t<\/div>\n\n\t\n\n<\/div>\n\n","protected":false},"excerpt":{"rendered":"","protected":false},"author":1,"featured_media":0,"parent":0,"menu_order":0,"comment_status":"closed","ping_status":"closed","template":"","meta":{"footnotes":""},"class_list":["post-7536","page","type-page","status-publish","hentry"],"_links":{"self":[{"href":"https:\/\/hrat.animaker.com.br\/index.php?rest_route=\/wp\/v2\/pages\/7536","targetHints":{"allow":["GET"]}}],"collection":[{"href":"https:\/\/hrat.animaker.com.br\/index.php?rest_route=\/wp\/v2\/pages"}],"about":[{"href":"https:\/\/hrat.animaker.com.br\/index.php?rest_route=\/wp\/v2\/types\/page"}],"author":[{"embeddable":true,"href":"https:\/\/hrat.animaker.com.br\/index.php?rest_route=\/wp\/v2\/users\/1"}],"replies":[{"embeddable":true,"href":"https:\/\/hrat.animaker.com.br\/index.php?rest_route=%2Fwp%2Fv2%2Fcomments&post=7536"}],"version-history":[{"count":0,"href":"https:\/\/hrat.animaker.com.br\/index.php?rest_route=\/wp\/v2\/pages\/7536\/revisions"}],"wp:attachment":[{"href":"https:\/\/hrat.animaker.com.br\/index.php?rest_route=%2Fwp%2Fv2%2Fmedia&parent=7536"}],"curies":[{"name":"wp","href":"https:\/\/api.w.org\/{rel}","templated":true}]}}