{"id":7538,"date":"2015-06-03T19:35:19","date_gmt":"2015-06-03T22:35:19","guid":{"rendered":"http:\/\/s11396.p20.sites.pressdns.com\/?page_id=6571"},"modified":"2023-11-23T11:47:51","modified_gmt":"2023-11-23T14:47:51","slug":"gestao-ambiental-v2","status":"publish","type":"page","link":"https:\/\/hrat.animaker.com.br\/?page_id=7538","title":{"rendered":"Gest\u00e3o Ambiental"},"content":{"rendered":"\n<div class=\"container section-title-container\" ><h3 class=\"section-title section-title-normal\"><b aria-hidden=\"true\"><\/b><span class=\"section-title-main\" >Gest\u00e3o Ambiental<\/span><b aria-hidden=\"true\"><\/b><\/h3><\/div>\n\n<div class=\"row\"  id=\"row-2116894947\">\n\n\n\t<div id=\"col-1594581660\" class=\"col small-12 large-12\"  >\n\t\t\t\t<div class=\"col-inner\"  >\n\t\t\t\n\t\t\t\n\n<p style=\"text-align: justify;\"><span style=\"font-size: 75%;\"><button id=\"bb1\" type=\"button\" value=\"Play\" class=\"responsivevoice-button\" title=\"ResponsiveVoice Tap to Start\/Stop Speech\"><span>&#128266; Ouvir<\/span><\/button>\n        <script>\n            bb1.onclick = function(){\n                if(responsiveVoice.isPlaying()){\n                    responsiveVoice.cancel();\n                }else{\n                    responsiveVoice.speak(\"O Hospital Regional do Alto Tiet\u00ea possui o PGRSS, que \u00e9 baseado nos princ\u00edpios de n\u00e3o gera\u00e7\u00e3o e minimiza\u00e7\u00e3o de res\u00edduos, que apontam e descrevem as a\u00e7\u00f5es relativas ao manuseio, armazenamento e disposi\u00e7\u00e3o final, reduzindo os riscos ao meio ambiente, em conformidade com a legisla\u00e7\u00e3o vigente. O PGRSS contempla os aspectos referentes \u00e0 minimiza\u00e7\u00e3o na gera\u00e7\u00e3o de res\u00edduos, como: Segrega\u00e7\u00e3o; Armazenamento; Acondicionamento; Transporte tempor\u00e1rio; Identifica\u00e7\u00e3o; Tratamento interno e externo; Coleta; Disposi\u00e7\u00e3o final.\", \"Brazilian Portuguese Female\");\n                }\n            };\n        <\/script>\n    <\/span><span style=\"font-weight: 400;\">O Hospital Regional do Alto Tiet\u00ea possui o PGRSS, que \u00e9 baseado nos princ\u00edpios de n\u00e3o gera\u00e7\u00e3o e minimiza\u00e7\u00e3o de res\u00edduos, que apontam e descrevem as a\u00e7\u00f5es relativas ao manuseio, armazenamento e disposi\u00e7\u00e3o final, reduzindo os riscos ao meio ambiente, em conformidade com a legisla\u00e7\u00e3o vigente.<\/span><\/p>\n<p style=\"text-align: justify;\"><span style=\"font-weight: 400;\">O PGRSS contempla os aspectos referentes \u00e0 minimiza\u00e7\u00e3o na gera\u00e7\u00e3o de res\u00edduos, como:<\/span><\/p>\n<ul>\n<li style=\"text-align: justify;\"><span style=\"font-weight: 400;\">Segrega\u00e7\u00e3o;<\/span><\/li>\n<li style=\"text-align: justify;\"><span style=\"font-weight: 400;\">Armazenamento;<\/span><\/li>\n<li style=\"text-align: justify;\"><span style=\"font-weight: 400;\">Acondicionamento;<\/span><\/li>\n<li style=\"text-align: justify;\"><span style=\"font-weight: 400;\">Transporte tempor\u00e1rio;<\/span><\/li>\n<li style=\"text-align: justify;\"><span style=\"font-weight: 400;\">Identifica\u00e7\u00e3o;<\/span><\/li>\n<li style=\"text-align: justify;\"><span style=\"font-weight: 400;\">Tratamento interno e externo;<\/span><\/li>\n<li style=\"text-align: justify;\"><span style=\"font-weight: 400;\">Coleta;<\/span><\/li>\n<li style=\"text-align: justify;\"><span style=\"font-weight: 400;\">Disposi\u00e7\u00e3o final.<\/span><\/li>\n<\/ul>\n<p style=\"text-align: justify;\"><span style=\"font-size: 14.4px;\"><\/span><\/p>\n<p style=\"text-align: justify;\">&nbsp;<\/p>\n\n\t\t<\/div>\n\t\t\t\t\t<\/div>\n\n\t\n\n<\/div>\n","protected":false},"excerpt":{"rendered":"","protected":false},"author":1,"featured_media":0,"parent":0,"menu_order":0,"comment_status":"closed","ping_status":"closed","template":"","meta":{"footnotes":""},"class_list":["post-7538","page","type-page","status-publish","hentry"],"_links":{"self":[{"href":"https:\/\/hrat.animaker.com.br\/index.php?rest_route=\/wp\/v2\/pages\/7538","targetHints":{"allow":["GET"]}}],"collection":[{"href":"https:\/\/hrat.animaker.com.br\/index.php?rest_route=\/wp\/v2\/pages"}],"about":[{"href":"https:\/\/hrat.animaker.com.br\/index.php?rest_route=\/wp\/v2\/types\/page"}],"author":[{"embeddable":true,"href":"https:\/\/hrat.animaker.com.br\/index.php?rest_route=\/wp\/v2\/users\/1"}],"replies":[{"embeddable":true,"href":"https:\/\/hrat.animaker.com.br\/index.php?rest_route=%2Fwp%2Fv2%2Fcomments&post=7538"}],"version-history":[{"count":0,"href":"https:\/\/hrat.animaker.com.br\/index.php?rest_route=\/wp\/v2\/pages\/7538\/revisions"}],"wp:attachment":[{"href":"https:\/\/hrat.animaker.com.br\/index.php?rest_route=%2Fwp%2Fv2%2Fmedia&parent=7538"}],"curies":[{"name":"wp","href":"https:\/\/api.w.org\/{rel}","templated":true}]}}