{"id":7545,"date":"2015-06-10T15:14:49","date_gmt":"2015-06-10T18:14:49","guid":{"rendered":"http:\/\/s11396.p20.sites.pressdns.com\/?page_id=6624"},"modified":"2024-01-26T15:21:55","modified_gmt":"2024-01-26T18:21:55","slug":"como-chegar-v2","status":"publish","type":"page","link":"https:\/\/hrat.animaker.com.br\/?page_id=7545","title":{"rendered":"Como Chegar"},"content":{"rendered":"<div class=\"container section-title-container\" ><h3 class=\"section-title section-title-normal\"><b aria-hidden=\"true\"><\/b><span class=\"section-title-main\" >Como Chegar<\/span><b aria-hidden=\"true\"><\/b><\/h3><\/div>\n<div class=\"row\"  id=\"row-376668483\">\n\n\t<div id=\"col-957215695\" class=\"col medium-6 small-12 large-6\"  >\n\t\t\t\t<div class=\"col-inner\"  >\n\t\t\t\n\t\t\t\n<p><span style=\"font-size: 75%;\"><button id=\"bb1\" type=\"button\" value=\"Play\" class=\"responsivevoice-button\" title=\"ResponsiveVoice Tap to Start\/Stop Speech\"><span>&#128266; Ouvir<\/span><\/button>\n        <script>\n            bb1.onclick = function(){\n                if(responsiveVoice.isPlaying()){\n                    responsiveVoice.cancel();\n                }else{\n                    responsiveVoice.speak(\"O Hospital Regional do Alto Tiet\u00ea est\u00e1 localizado na Rua Prudente de Morais, 2200 \u2013 Vila Amorim, Suzano \u2013 SP, 08610-005. Hor\u00e1rio de funcionamento: O Hospital funciona 24 horas para atendimento de pacientes transferidos de outros equipamentos de sa\u00fade.\", \"Brazilian Portuguese Female\");\n                }\n            };\n        <\/script>\n    <\/span><span style=\"font-weight: 400;\">O Hospital Regional do Alto Tiet\u00ea est\u00e1 localizado na Rua Prudente de Morais, 2200 \u2013 Vila Amorim, Suzano \u2013 SP, 08610-005.<\/span><\/p>\n<p><span style=\"font-weight: 400;\">Hor\u00e1rio de funcionamento:<\/span><\/p>\n<p><span style=\"font-weight: 400;\">O Hospital funciona 24 horas para atendimento de pacientes transferidos de outros equipamentos de sa\u00fade.<\/span><\/p>\n<p><img loading=\"lazy\" decoding=\"async\" class=\"alignnone wp-image-8976 size-full\" src=\"http:\/\/hrat.animaker.com.br\/wp-content\/uploads\/sites\/158\/2024\/01\/mapa-hrat.jpg\" alt=\"\" width=\"1000\" height=\"495\" srcset=\"https:\/\/hrat.animaker.com.br\/wp-content\/uploads\/sites\/158\/2024\/01\/mapa-hrat.jpg 1000w, https:\/\/hrat.animaker.com.br\/wp-content\/uploads\/sites\/158\/2024\/01\/mapa-hrat-300x149.jpg 300w, https:\/\/hrat.animaker.com.br\/wp-content\/uploads\/sites\/158\/2024\/01\/mapa-hrat-768x380.jpg 768w\" sizes=\"auto, (max-width: 1000px) 100vw, 1000px\" \/><\/p>\n<p><span style=\"font-size: 14.4px;\"><\/span><\/p>\n\t\t<\/div>\n\t\t\t\t\t<\/div>\n\n\t\n\n\t<div id=\"col-254858046\" class=\"col medium-6 small-12 large-6\"  >\n\t\t\t\t<div class=\"col-inner\"  >\n\t\t\t\n\t\t\t\n<p><b>TREM<\/b><\/p>\n<ul>\n<li style=\"font-weight: 400;\" aria-level=\"1\"><span style=\"font-weight: 400;\">A esta\u00e7\u00e3o de trem de Suzano fica a 2 k do Hospital Regional do alto Tiet\u00ea.<\/span><\/li>\n<\/ul>\n<p><b>\u00d4NIBUS<\/b><\/p>\n<p><span style=\"font-weight: 400;\">Esta\u00e7\u00f5es de \u00d4nibus perto de Hospital:<\/span><\/p>\n<ul>\n<li style=\"font-weight: 400;\" aria-level=\"1\"><span style=\"font-weight: 400;\">R. Prudente de Moraes, 2003<\/span><\/li>\n<li style=\"font-weight: 400;\" aria-level=\"1\"><span style=\"font-weight: 400;\">R. Am\u00e9lia Guerra, 1018 &#8211; Vila Amorim<\/span><\/li>\n<\/ul>\n\t\t<\/div>\n\t\t\t\t\t<\/div>\n\n\t\n<\/div>\n","protected":false},"excerpt":{"rendered":"","protected":false},"author":1,"featured_media":0,"parent":0,"menu_order":0,"comment_status":"closed","ping_status":"closed","template":"","meta":{"footnotes":""},"class_list":["post-7545","page","type-page","status-publish","hentry"],"_links":{"self":[{"href":"https:\/\/hrat.animaker.com.br\/index.php?rest_route=\/wp\/v2\/pages\/7545","targetHints":{"allow":["GET"]}}],"collection":[{"href":"https:\/\/hrat.animaker.com.br\/index.php?rest_route=\/wp\/v2\/pages"}],"about":[{"href":"https:\/\/hrat.animaker.com.br\/index.php?rest_route=\/wp\/v2\/types\/page"}],"author":[{"embeddable":true,"href":"https:\/\/hrat.animaker.com.br\/index.php?rest_route=\/wp\/v2\/users\/1"}],"replies":[{"embeddable":true,"href":"https:\/\/hrat.animaker.com.br\/index.php?rest_route=%2Fwp%2Fv2%2Fcomments&post=7545"}],"version-history":[{"count":0,"href":"https:\/\/hrat.animaker.com.br\/index.php?rest_route=\/wp\/v2\/pages\/7545\/revisions"}],"wp:attachment":[{"href":"https:\/\/hrat.animaker.com.br\/index.php?rest_route=%2Fwp%2Fv2%2Fmedia&parent=7545"}],"curies":[{"name":"wp","href":"https:\/\/api.w.org\/{rel}","templated":true}]}}