{"id":7556,"date":"2015-08-09T18:37:54","date_gmt":"2015-08-09T21:37:54","guid":{"rendered":"http:\/\/crlmsjc.animaker.com.br\/?page_id=6733"},"modified":"2023-11-23T11:52:44","modified_gmt":"2023-11-23T14:52:44","slug":"tecnologia-v2","status":"publish","type":"page","link":"https:\/\/hrat.animaker.com.br\/?page_id=7556","title":{"rendered":"Tecnologia e Aprimoramento"},"content":{"rendered":"\n<div class=\"container section-title-container\" ><h3 class=\"section-title section-title-normal\"><b aria-hidden=\"true\"><\/b><span class=\"section-title-main\" >Tecnologia<\/span><b aria-hidden=\"true\"><\/b><\/h3><\/div>\n\n<div class=\"row\"  id=\"row-1720216514\">\n\n\n\t<div id=\"col-126835974\" class=\"col small-12 large-12\"  >\n\t\t\t\t<div class=\"col-inner\"  >\n\t\t\t\n\t\t\t\n\n<p style=\"text-align: justify;\"><span style=\"font-size: 75%;\"><button id=\"bb1\" type=\"button\" value=\"Play\" class=\"responsivevoice-button\" title=\"ResponsiveVoice Tap to Start\/Stop Speech\"><span>&#128266; Ouvir<\/span><\/button>\n        <script>\n            bb1.onclick = function(){\n                if(responsiveVoice.isPlaying()){\n                    responsiveVoice.cancel();\n                }else{\n                    responsiveVoice.speak(\"A fim de criar um ambiente moderno e seguro para melhor atender aos seus clientes, o Hospital Regional doa Alto Tiet\u00ea tem investido na incorpora\u00e7\u00e3o de tecnologias em Sistemas Informatizados.\", \"Brazilian Portuguese Female\");\n                }\n            };\n        <\/script>\n    <\/span><span style=\"font-weight: 400;\">A fim de criar um ambiente moderno e seguro para melhor atender aos seus clientes, o Hospital Regional doa Alto Tiet\u00ea tem investido na incorpora\u00e7\u00e3o de tecnologias em Sistemas Informatizados.<\/span> <span style=\"font-size: 14.4px;\"><\/span><\/p>\n\n\t\t<\/div>\n\t\t\t\t\t<\/div>\n\n\t\n\n<\/div>\n","protected":false},"excerpt":{"rendered":"","protected":false},"author":1,"featured_media":0,"parent":0,"menu_order":0,"comment_status":"closed","ping_status":"closed","template":"","meta":{"footnotes":""},"class_list":["post-7556","page","type-page","status-publish","hentry"],"_links":{"self":[{"href":"https:\/\/hrat.animaker.com.br\/index.php?rest_route=\/wp\/v2\/pages\/7556","targetHints":{"allow":["GET"]}}],"collection":[{"href":"https:\/\/hrat.animaker.com.br\/index.php?rest_route=\/wp\/v2\/pages"}],"about":[{"href":"https:\/\/hrat.animaker.com.br\/index.php?rest_route=\/wp\/v2\/types\/page"}],"author":[{"embeddable":true,"href":"https:\/\/hrat.animaker.com.br\/index.php?rest_route=\/wp\/v2\/users\/1"}],"replies":[{"embeddable":true,"href":"https:\/\/hrat.animaker.com.br\/index.php?rest_route=%2Fwp%2Fv2%2Fcomments&post=7556"}],"version-history":[{"count":0,"href":"https:\/\/hrat.animaker.com.br\/index.php?rest_route=\/wp\/v2\/pages\/7556\/revisions"}],"wp:attachment":[{"href":"https:\/\/hrat.animaker.com.br\/index.php?rest_route=%2Fwp%2Fv2%2Fmedia&parent=7556"}],"curies":[{"name":"wp","href":"https:\/\/api.w.org\/{rel}","templated":true}]}}