{"id":8059,"date":"2020-07-29T03:26:03","date_gmt":"2020-07-29T03:26:03","guid":{"rendered":"http:\/\/amejardimdosprados.spdmafiliadas.org.br\/?page_id=8059"},"modified":"2020-07-29T03:26:03","modified_gmt":"2020-07-29T03:26:03","slug":"diligencia-de-fornecedores-e-prestadores-de-servicos","status":"publish","type":"page","link":"https:\/\/hrat.animaker.com.br\/?page_id=8059","title":{"rendered":"Dilig\u00eancia de Fornecedores e Prestadores de Servi\u00e7os"},"content":{"rendered":"<div class=\"container section-title-container\" ><h4 class=\"section-title section-title-normal\"><b aria-hidden=\"true\"><\/b><span class=\"section-title-main\" >Dilig\u00eancia de Fornecedores e Prestadores de Servi\u00e7os<\/span><b aria-hidden=\"true\"><\/b><\/h4><\/div>\n<p style=\"text-align: justify\">A Dilig\u00eancia de Integridade \u00e9 realizada com o intuito de avaliar e classificar os riscos de corrup\u00e7\u00e3o, reputa\u00e7\u00e3o e integridade nos relacionamentos das Institui\u00e7\u00f5es Afiliadas SPDM com seus fornecedores, parceiros e prestadores de servi\u00e7os.<\/p>\n<p style=\"text-align: justify\">O processo de Dilig\u00eancia consiste nas 3 (tr\u00eas) etapas abaixo relacionadas:<\/p>\n<p style=\"text-align: justify\">Etapa 1) \u201cConhecendo nossos terceiros\u201d \u2013 Avalia\u00e7\u00e3o documental e de question\u00e1rio espec\u00edfico que busca tra\u00e7ar o perfil da empresa fornecedora;<\/p>\n<p style=\"text-align: justify\">Etapa 2) \u201cAvalia\u00e7\u00e3o de \u2018potencial risco\u2019\u201d \u2013 Tabula\u00e7\u00e3o dos question\u00e1rios respondidos pelos fornecedores, realiza-se a classifica\u00e7\u00e3o, por meio de algoritmos que calculam o potencial risco (baixo, m\u00e9dio e alto) para aspectos de integridade;<\/p>\n<p style=\"text-align: justify\">Etapa 3) \u201cRealiza\u00e7\u00e3o de Consultas\u201d \u2013 Com base na classifica\u00e7\u00e3o de risco, avalia-se o fornecedor por meio de sistemas que acessam as bases p\u00fablicas de informa\u00e7\u00f5es como: mat\u00e9rias relevantes veiculadas em imprensa nacional e internacional, dentre outras.<\/p>\n","protected":false},"excerpt":{"rendered":"<p>A Dilig\u00eancia de Integridade \u00e9 realizada com o intuito de avaliar e classificar os riscos de corrup\u00e7\u00e3o, reputa\u00e7\u00e3o e integridade nos relacionamentos das Institui\u00e7\u00f5es Afiliadas SPDM com seus fornecedores, parceiros e prestadores de servi\u00e7os. O processo de Dilig\u00eancia consiste nas 3 (tr\u00eas) etapas abaixo relacionadas: Etapa 1) \u201cConhecendo nossos terceiros\u201d \u2013 Avalia\u00e7\u00e3o documental e de [&#8230;]\n","protected":false},"author":1,"featured_media":0,"parent":0,"menu_order":0,"comment_status":"closed","ping_status":"closed","template":"","meta":{"footnotes":""},"class_list":["post-8059","page","type-page","status-publish","hentry"],"_links":{"self":[{"href":"https:\/\/hrat.animaker.com.br\/index.php?rest_route=\/wp\/v2\/pages\/8059","targetHints":{"allow":["GET"]}}],"collection":[{"href":"https:\/\/hrat.animaker.com.br\/index.php?rest_route=\/wp\/v2\/pages"}],"about":[{"href":"https:\/\/hrat.animaker.com.br\/index.php?rest_route=\/wp\/v2\/types\/page"}],"author":[{"embeddable":true,"href":"https:\/\/hrat.animaker.com.br\/index.php?rest_route=\/wp\/v2\/users\/1"}],"replies":[{"embeddable":true,"href":"https:\/\/hrat.animaker.com.br\/index.php?rest_route=%2Fwp%2Fv2%2Fcomments&post=8059"}],"version-history":[{"count":0,"href":"https:\/\/hrat.animaker.com.br\/index.php?rest_route=\/wp\/v2\/pages\/8059\/revisions"}],"wp:attachment":[{"href":"https:\/\/hrat.animaker.com.br\/index.php?rest_route=%2Fwp%2Fv2%2Fmedia&parent=8059"}],"curies":[{"name":"wp","href":"https:\/\/api.w.org\/{rel}","templated":true}]}}