{"id":8860,"date":"2023-11-05T18:31:41","date_gmt":"2023-11-05T18:31:41","guid":{"rendered":"https:\/\/caps.spdmafiliadas.org.br\/?page_id=8860"},"modified":"2023-11-05T18:31:41","modified_gmt":"2023-11-05T18:31:41","slug":"politicas-normas-e-procedimentos","status":"publish","type":"page","link":"https:\/\/hrat.animaker.com.br\/?page_id=8860","title":{"rendered":"Pol\u00edticas, Normas e Procedimentos"},"content":{"rendered":"<div class=\"container section-title-container\" ><h3 class=\"section-title section-title-normal\"><b aria-hidden=\"true\"><\/b><span class=\"section-title-main\" >Pol\u00edticas, Normas e Procedimentos<\/span><b aria-hidden=\"true\"><\/b><\/h3><\/div>\n<p class=\"p1\"><span class=\"s1\">A privacidade e a prote\u00e7\u00e3o de dados s\u00e3o quest\u00f5es que dependem, para sua efic\u00e1cia, de uma vis\u00e3o institucional, isto \u00e9, para que a privacidade seja uma constante nas atividades da institui\u00e7\u00e3o, se faz necess\u00e1rio que sejam adotadas pol\u00edticas, normas e procedimentos institucionais com o escopo de garantir a plena ado\u00e7\u00e3o das medidas necess\u00e1rias.<\/span><\/p>\n<p class=\"p1\"><span class=\"s1\">Neste sentido, capitaneada pelo Encarregado pelo tratamento de dados da SPDM, a Equipe de Privacidade atua, em conjunto com outras \u00e1reas da institui\u00e7\u00e3o, na elabora\u00e7\u00e3o de pol\u00edticas, normas e procedimentos voltados a perpetuar o respeito \u00e0 privacidade nas diversas atividades desenvolvidas pela institui\u00e7\u00e3o, garantindo, assim, uma atua\u00e7\u00e3o conforme em seus mais variados n\u00edveis de atua\u00e7\u00e3o.<\/span><\/p>\n","protected":false},"excerpt":{"rendered":"<p>A privacidade e a prote\u00e7\u00e3o de dados s\u00e3o quest\u00f5es que dependem, para sua efic\u00e1cia, de uma vis\u00e3o institucional, isto \u00e9, para que a privacidade seja uma constante nas atividades da institui\u00e7\u00e3o, se faz necess\u00e1rio que sejam adotadas pol\u00edticas, normas e procedimentos institucionais com o escopo de garantir a plena ado\u00e7\u00e3o das medidas necess\u00e1rias. Neste sentido, [&#8230;]\n","protected":false},"author":1,"featured_media":0,"parent":0,"menu_order":0,"comment_status":"closed","ping_status":"closed","template":"","meta":{"footnotes":""},"class_list":["post-8860","page","type-page","status-publish","hentry"],"_links":{"self":[{"href":"https:\/\/hrat.animaker.com.br\/index.php?rest_route=\/wp\/v2\/pages\/8860","targetHints":{"allow":["GET"]}}],"collection":[{"href":"https:\/\/hrat.animaker.com.br\/index.php?rest_route=\/wp\/v2\/pages"}],"about":[{"href":"https:\/\/hrat.animaker.com.br\/index.php?rest_route=\/wp\/v2\/types\/page"}],"author":[{"embeddable":true,"href":"https:\/\/hrat.animaker.com.br\/index.php?rest_route=\/wp\/v2\/users\/1"}],"replies":[{"embeddable":true,"href":"https:\/\/hrat.animaker.com.br\/index.php?rest_route=%2Fwp%2Fv2%2Fcomments&post=8860"}],"version-history":[{"count":0,"href":"https:\/\/hrat.animaker.com.br\/index.php?rest_route=\/wp\/v2\/pages\/8860\/revisions"}],"wp:attachment":[{"href":"https:\/\/hrat.animaker.com.br\/index.php?rest_route=%2Fwp%2Fv2%2Fmedia&parent=8860"}],"curies":[{"name":"wp","href":"https:\/\/api.w.org\/{rel}","templated":true}]}}