{"id":8861,"date":"2023-11-05T18:32:06","date_gmt":"2023-11-05T18:32:06","guid":{"rendered":"https:\/\/caps.spdmafiliadas.org.br\/?page_id=8861"},"modified":"2023-11-05T18:32:06","modified_gmt":"2023-11-05T18:32:06","slug":"treinamento-privacidade","status":"publish","type":"page","link":"https:\/\/hrat.animaker.com.br\/?page_id=8861","title":{"rendered":"Treinamento Privacidade"},"content":{"rendered":"<div class=\"container section-title-container\" ><h3 class=\"section-title section-title-normal\"><b aria-hidden=\"true\"><\/b><span class=\"section-title-main\" >Treinamento<\/span><b aria-hidden=\"true\"><\/b><\/h3><\/div>\n<p class=\"p1\"><span class=\"s1\"><span style=\"font-size: 75%\"><button id=\"bb1\" type=\"button\" value=\"Play\" class=\"responsivevoice-button\" title=\"ResponsiveVoice Tap to Start\/Stop Speech\"><span>&#128266; Ouvir<\/span><\/button>\n        <script>\n            bb1.onclick = function(){\n                if(responsiveVoice.isPlaying()){\n                    responsiveVoice.cancel();\n                }else{\n                    responsiveVoice.speak(\"Com vistas a garantir que os profissionais da institui\u00e7\u00e3o desempenhem suas fun\u00e7\u00f5es com o devido respeito \u00e0 privacidade e de forma segura, o constante treinamento dos colaboradores \u00e9 fundamental. Assim, a Equipe de Privacidade da SPDM tem como uma de suas principais fun\u00e7\u00f5es criar e ministrar treinamentos para as mais diversas \u00e1reas da institui\u00e7\u00e3o, os quais, al\u00e9m de abordar as quest\u00f5es relativas \u00e0 Lei Geral de Prote\u00e7\u00e3o de Dados, abordam a aplica\u00e7\u00e3o pr\u00e1tica dos conceitos de privacidade e prote\u00e7\u00e3o de dados de acordo com as peculiaridades de cada atividade e setor.\", \"Brazilian Portuguese Female\");\n                }\n            };\n        <\/script>\n    <\/span>Com vistas a garantir que os profissionais da institui\u00e7\u00e3o desempenhem suas fun\u00e7\u00f5es com o devido respeito \u00e0 privacidade e de forma segura, o constante treinamento dos colaboradores \u00e9 fundamental.<\/span><\/p>\n<p class=\"p1\"><span class=\"s1\">Assim, a Equipe de Privacidade da SPDM tem como uma de suas principais fun\u00e7\u00f5es criar e ministrar treinamentos para as mais diversas \u00e1reas da institui\u00e7\u00e3o, os quais, al\u00e9m de abordar as quest\u00f5es relativas \u00e0 Lei Geral de Prote\u00e7\u00e3o de Dados, abordam a aplica\u00e7\u00e3o pr\u00e1tica dos conceitos de privacidade e prote\u00e7\u00e3o de dados de acordo com as peculiaridades de cada atividade e setor. <\/span><\/p>\n<p class=\"p1\"><img loading=\"lazy\" decoding=\"async\" class=\"alignnone wp-image-8854 \" src=\"https:\/\/caps.spdmafiliadas.org.br\/wp-content\/uploads\/sites\/11\/2023\/11\/Treinamentos-768x384-1.jpg\" alt=\"\" width=\"435\" height=\"218\" \/><\/p>\n","protected":false},"excerpt":{"rendered":"","protected":false},"author":1,"featured_media":0,"parent":0,"menu_order":0,"comment_status":"closed","ping_status":"closed","template":"","meta":{"footnotes":""},"class_list":["post-8861","page","type-page","status-publish","hentry"],"_links":{"self":[{"href":"https:\/\/hrat.animaker.com.br\/index.php?rest_route=\/wp\/v2\/pages\/8861","targetHints":{"allow":["GET"]}}],"collection":[{"href":"https:\/\/hrat.animaker.com.br\/index.php?rest_route=\/wp\/v2\/pages"}],"about":[{"href":"https:\/\/hrat.animaker.com.br\/index.php?rest_route=\/wp\/v2\/types\/page"}],"author":[{"embeddable":true,"href":"https:\/\/hrat.animaker.com.br\/index.php?rest_route=\/wp\/v2\/users\/1"}],"replies":[{"embeddable":true,"href":"https:\/\/hrat.animaker.com.br\/index.php?rest_route=%2Fwp%2Fv2%2Fcomments&post=8861"}],"version-history":[{"count":0,"href":"https:\/\/hrat.animaker.com.br\/index.php?rest_route=\/wp\/v2\/pages\/8861\/revisions"}],"wp:attachment":[{"href":"https:\/\/hrat.animaker.com.br\/index.php?rest_route=%2Fwp%2Fv2%2Fmedia&parent=8861"}],"curies":[{"name":"wp","href":"https:\/\/api.w.org\/{rel}","templated":true}]}}