{"id":8895,"date":"2023-11-22T17:01:05","date_gmt":"2023-11-22T20:01:05","guid":{"rendered":"https:\/\/hrat.animaker.com.br\/?page_id=8895"},"modified":"2023-11-22T17:03:45","modified_gmt":"2023-11-22T20:03:45","slug":"hospital","status":"publish","type":"page","link":"https:\/\/hrat.animaker.com.br\/?page_id=8895","title":{"rendered":"Hospital"},"content":{"rendered":"\n<div class=\"container section-title-container\" ><h3 class=\"section-title section-title-normal\"><b aria-hidden=\"true\"><\/b><span class=\"section-title-main\" >HOSPITAL<\/span><b aria-hidden=\"true\"><\/b><\/h3><\/div>\n\n\n\t<section class=\"section\" id=\"section_769228242\">\n\t\t<div class=\"section-bg fill\" >\n\t\t\t\t\t\t\t\t\t\n\t\t\t\n\n\t\t<\/div>\n\n\t\t\n\n\t\t<div class=\"section-content relative\">\n\t\t\t\n\n<div class=\"row row-small\"  id=\"row-740385283\">\n\n\n\t<div id=\"col-1562000339\" class=\"col small-12 large-12\"  >\n\t\t\t\t<div class=\"col-inner\"  >\n\t\t\t\n\t\t\t\n\n<p style=\"text-align: justify;\"><span style=\"font-size: 75%;\"><button id=\"bb1\" type=\"button\" value=\"Play\" class=\"responsivevoice-button\" title=\"ResponsiveVoice Tap to Start\/Stop Speech\"><span>&#128266; Ouvir<\/span><\/button>\n        <script>\n            bb1.onclick = function(){\n                if(responsiveVoice.isPlaying()){\n                    responsiveVoice.cancel();\n                }else{\n                    responsiveVoice.speak(\"INSTITUCIONAL A SPDM \u2013 Associa\u00e7\u00e3o Paulista para o Desenvolvimento da Medicina \u00e9 uma Associa\u00e7\u00e3o civil sem fins lucrativos, de natureza filantr\u00f3pica, reconhecida de utilidade p\u00fablica federal, estadual e no munic\u00edpio de sua sede, respectivamente pelos Decretos n\u00ba 57.925, de 04\/03\/1966, 40.103 de 17\/05\/1962 e 8.911, de 30\/07\/1970. ASPDM\u00e9 uma das maiores entidades filantr\u00f3picas de sa\u00fade no Brasil, formada por uma diversidade de profissionais altamente qualificados, que contribuem nos diversos setores \u00e0 excel\u00eancia na qualidade do atendimento, visando \u00e0 seguran\u00e7a do paciente. Gerenciamos unidades hospitalares e ambulatoriais, com o objetivo de levar o que h\u00e1 de mais avan\u00e7ado em conhecimento m\u00e9dico a toda a popula\u00e7\u00e3o. Al\u00e9m disso, mantemos parceria com a Secretaria Municipal de Educa\u00e7\u00e3o de S\u00e3o Paulo em prol da expans\u00e3o e da qualidade dos servi\u00e7os de educa\u00e7\u00e3o inclusiva de pessoas com defici\u00eancia. A diretriz primordial da SPDM \u00e9 sua inser\u00e7\u00e3o no sistema de sa\u00fade direcionada ao tratamento, preven\u00e7\u00e3o de doen\u00e7as e \u00e0 promo\u00e7\u00e3o da sa\u00fade prim\u00e1ria, secund\u00e1ria e terci\u00e1ria, estreitando la\u00e7os com a comunidade local e reafirmando seu compromisso social de atender a todos, sem discrimina\u00e7\u00e3o.\", \"Brazilian Portuguese Female\");\n                }\n            };\n        <\/script>\n    <\/span><span style=\"font-weight: 400;\">INSTITUCIONAL<\/span><\/p>\n<p style=\"text-align: justify;\"><span style=\"font-weight: 400;\">A SPDM \u2013 Associa\u00e7\u00e3o Paulista para o Desenvolvimento da Medicina \u00e9 uma Associa\u00e7\u00e3o civil sem fins lucrativos, de natureza filantr\u00f3pica, reconhecida de utilidade p\u00fablica federal, estadual e no munic\u00edpio de sua sede, respectivamente pelos Decretos n\u00ba 57.925, de 04\/03\/1966, 40.103 de 17\/05\/1962 e 8.911, de 30\/07\/1970.<\/span><\/p>\n<p style=\"text-align: justify;\"><span style=\"font-weight: 400;\">A&nbsp;SPDM&nbsp;\u00e9 uma das maiores entidades filantr\u00f3picas de sa\u00fade no Brasil, formada por uma diversidade de profissionais altamente qualificados, que contribuem nos diversos setores \u00e0 excel\u00eancia na qualidade do atendimento, visando \u00e0 seguran\u00e7a do paciente. Gerenciamos unidades hospitalares e ambulatoriais, com o objetivo de levar o que h\u00e1 de mais avan\u00e7ado em conhecimento m\u00e9dico a toda a popula\u00e7\u00e3o. Al\u00e9m disso, mantemos parceria com a Secretaria Municipal de Educa\u00e7\u00e3o de S\u00e3o Paulo em prol da expans\u00e3o e da qualidade dos servi\u00e7os de educa\u00e7\u00e3o inclusiva de pessoas com defici\u00eancia.&nbsp;<\/span><\/p>\n<p style=\"text-align: justify;\"><span style=\"font-weight: 400;\">A diretriz primordial da SPDM \u00e9 sua inser\u00e7\u00e3o no sistema de sa\u00fade direcionada ao tratamento, preven\u00e7\u00e3o de doen\u00e7as e \u00e0 promo\u00e7\u00e3o da sa\u00fade prim\u00e1ria, secund\u00e1ria e terci\u00e1ria, estreitando la\u00e7os com a comunidade local e reafirmando seu compromisso social de atender a todos, sem discrimina\u00e7\u00e3o.<\/span>\n\t<div id=\"gap-291080303\" class=\"gap-element clearfix\" style=\"display:block; height:auto;\">\n\t\t\n<style>\n#gap-291080303 {\n  padding-top: 20px;\n}\n<\/style>\n\t<\/div>\n\t\n\n\n\t\t<\/div>\n\t\t\t\t\t<\/div>\n\n\t\n\n<\/div>\n\n\t\t<\/div>\n\n\t\t\n<style>\n#section_769228242 {\n  padding-top: 12px;\n  padding-bottom: 12px;\n}\n<\/style>\n\t<\/section>\n\t\n","protected":false},"excerpt":{"rendered":"","protected":false},"author":1,"featured_media":0,"parent":0,"menu_order":0,"comment_status":"closed","ping_status":"closed","template":"","meta":{"footnotes":""},"class_list":["post-8895","page","type-page","status-publish","hentry"],"_links":{"self":[{"href":"https:\/\/hrat.animaker.com.br\/index.php?rest_route=\/wp\/v2\/pages\/8895","targetHints":{"allow":["GET"]}}],"collection":[{"href":"https:\/\/hrat.animaker.com.br\/index.php?rest_route=\/wp\/v2\/pages"}],"about":[{"href":"https:\/\/hrat.animaker.com.br\/index.php?rest_route=\/wp\/v2\/types\/page"}],"author":[{"embeddable":true,"href":"https:\/\/hrat.animaker.com.br\/index.php?rest_route=\/wp\/v2\/users\/1"}],"replies":[{"embeddable":true,"href":"https:\/\/hrat.animaker.com.br\/index.php?rest_route=%2Fwp%2Fv2%2Fcomments&post=8895"}],"version-history":[{"count":0,"href":"https:\/\/hrat.animaker.com.br\/index.php?rest_route=\/wp\/v2\/pages\/8895\/revisions"}],"wp:attachment":[{"href":"https:\/\/hrat.animaker.com.br\/index.php?rest_route=%2Fwp%2Fv2%2Fmedia&parent=8895"}],"curies":[{"name":"wp","href":"https:\/\/api.w.org\/{rel}","templated":true}]}}